{"id":10046,"date":"2025-04-02T02:40:40","date_gmt":"2025-04-02T00:40:40","guid":{"rendered":"https:\/\/www.growinggreener.it\/prodotto\/crea-scambia-connetti-2\/"},"modified":"2025-06-25T15:49:34","modified_gmt":"2025-06-25T13:49:34","slug":"crea-scambia-connetti-2","status":"publish","type":"product","link":"https:\/\/www.growinggreener.it\/it\/prodotto\/crea-scambia-connetti-2\/","title":{"rendered":"Crea, Scambia, Connetti"},"content":{"rendered":"<p><strong>Segnatevi questa data <\/strong><\/p>\n<p>perch\u00e9 il 28 giugno sar\u00e0 una giornata ricca di creativit\u00e0, scambi e buone vibrazioni!<br \/>\nL\u2019evento \u00e8 diviso in due momenti e puoi partecipare a entrambi o solo a uno.<\/p>\n<p><strong>Parte 1: Laboratorio di carta riciclata con Julie di <a href=\"https:\/\/www.instagram.com\/petronille.atelier\/\">P\u00e9tronille Atelier<\/a> 16:00 &#8211; 18:00<\/strong><br \/>\nIn questo laboratorio scopriremo come trasformare la carta usata in fogli fatti a mano. Il laboratorio \u00e8 aperto a tutt\u0259, dai 6 anni in su &#8211; un\u2019ottima occasione anche per i pi\u00f9 piccol\u0259!<br \/>\n<strong>Costo: 15\u20ac a partecipante (+ 10\u20ac per la tessera associativa, se non sei gi\u00e0 soc\u0259 di Growing Greener)<\/strong><br \/>\n<strong>Prenotazione obbligatoria:<\/strong> Acquista questo prodotto e versa un acconto di 10\u20ac per prenotare il tuo posto. <\/p>\n<p><strong>Come funziona il pagamento:<\/strong><\/p>\n<p><strong>Nuov\u0259 soc\u0259:<\/strong><br \/>\n-pagano 10\u20ac online (corrispondenti alla tessera associativa)<br \/>\n-pagano 15\u20ac in contanti all\u2019arrivo all\u2019evento (il costo del laboratorio)<br \/>\nLa tessera verr\u00e0 rilasciata il giorno dell\u2019evento ed \u00e8 valida per 1 anno.<\/p>\n<p><strong>Soc\u0259 gi\u00e0 iscritt\u0259:<\/strong><br \/>\npagano 10\u20ac online (come acconto per il laboratorio)<br \/>\npagano 5\u20ac in contanti all\u2019arrivo all\u2019evento<\/p>\n<p><strong>Parte 2: Merenda condivisa, Swap Party, Talk e musica dal vivo<br \/>\n<\/strong><br \/>\nDopo il laboratorio, ci godremo una serata rilassata fatta di scambi, riflessioni e nuove connessioni.<\/p>\n<p><strong>Merenda condivisa &#8211; 6:00pm <\/strong><strong><br \/>\n<\/strong>Porta qualcosa da mangiare da condividere con gli altri in un momento conviviale.<\/p>\n<p><strong>Swap party &#8211; 6:00pm<br \/>\n<\/strong>In collaborazione con <strong>Mondo Circe<\/strong> (associazione locale tutta al femminile)<br \/>\nHai vestiti che non metti pi\u00f9? Accessori che non usi? Porta ci\u00f2 che vuoi scambiare e trova nuovi tesori! \u00c8 gratuito, basta portare qualcosa da condividere. Un\u2019opportunit\u00e0 per dare nuova vita ai tuoi oggetti!    <\/p>\n<p><strong>Talk and Musica da vivo &#8211; 7:30pm <\/strong><br \/>\nCi ritroveremo per ascoltare e condividere storie di cambiamento, scelte consapevoli e nuovi modi di vivere in modo pi\u00f9 responsabile. Un momento di riflessione, ispirazione e scambio di idee per crescere insieme. <\/p>\n<p><strong>Queste 3 attivit\u00e0 sono GRATUITE con una tessera associativa valida.<br \/>\n<\/strong><strong>Non \u00e8 necessaria la prenotazione. Basta presentarsi il giorno dell\u2019evento. <\/strong><\/p>\n<p><strong>Come participare:<br \/>\nNuov\u0259 Soci\u0259:<\/strong> puoi acquistare la tessera associativa direttamente all\u2019ingresso al costo di 10\u20ac.<br \/>\n<strong>Soci\u0259 gi\u00e0 itesserat\u0259:<\/strong> ti baster\u00e0 mostrare la tessera all\u2019ingresso per entrare gratuitamente.<\/p>\n<p><strong>Programma della giornata:<\/strong><br \/>\n15:30 &#8211; Arrivo e accoglienza<br \/>\n16:00 &#8211; Laboratorio di carta riciclata<br \/>\n18:00 &#8211; Spuntini in stile picnic<br \/>\n18:00 &#8211; Swap party<br \/>\n19:30 &#8211; Talk<\/p>\n<p><strong>FAQ<br \/>\n<\/strong><br \/>\n<strong>Quando e dove si svolge l\u2019evento?<\/strong><br \/>\nL\u2019evento si terr\u00e0 il 28 giugno, a partire dalle 15:30, nel nostro spazio all\u2019aperto a Perdifumo.<\/p>\n<p><strong>Cosa succede in caso di pioggia?<\/strong><br \/>\nSe piove, l\u2019evento sar\u00e0 annullato. Ti invitiamo a seguire le nostre comunicazioni per eventuali aggiornamenti. <\/p>\n<p><strong>Cosa devo portare?<\/strong><br \/>\n<strong>Per il laboratorio:<\/strong> Porta solo la tua creativit\u00e0!<br \/>\n<strong>Per gli spuntini in stile picnic:<\/strong> qualcosa da condividere con gli altri.<br \/>\n<strong>Per lo swap party: qualsiasi oggetto che non vuoi pi\u00f9 e che desideri scambiare con qualcos&#8217;altro (in buone condizioni).<\/strong><\/p>\n<p><strong>Posso partecipare a tutti gli eventi della giornata?<\/strong><br \/>\nS\u00ec! Puoi partecipare a tutte le attivit\u00e0 (laboratorio, spuntini in stile picnic, swap party e talk), ma per prendere parte a tutto sar\u00e0 necessario acquistare la tessera associativa (\u20ac10). <\/p>\n<p><strong>\u00c8 necessario vestirsi in modo particolare?<\/strong><br \/>\nTi consigliamo di indossare indumenti comodi e scarpe da ginnastica per goderti al meglio le attivit\u00e0. Inoltre, se parteciperai al powernap, porta un telo o una coperta. <\/p>\n<p><strong>Posso portare il mio cane?<\/strong><br \/>\nGli animali sono benvenuti, purch\u00e9 siano al guinzaglio.<\/p>\n<p><strong>Posso portare i bambini?<\/strong><br \/>\nS\u00ec, l&#8217;evento \u00e8 perfetto anche per i bambini! Il laboratorio di carta riciclata \u00e8 aperto a chiunque, dai 6 anni in su. <\/p>\n<p><strong>Come posso iscrivermi al laboratorio di carta riciclata?<\/strong><br \/>\nPuoi riservare il tuo posto per il laboratorio acquistando direttamente questo prodotto. I posti sono limitati, quindi assicurati di prenotare in anticipo! <\/p>\n<p><strong>Come posso partecipare allo swap party e al talk?<\/strong><br \/>\nPer partecipare allo swap party e al talk, \u00e8 necessario avere la tessera associativa (10\u20ac), che pu\u00f2 essere acquistata il giorno dell&#8217;evento di persona oppure online acquistando questo prodotto.<\/p>\n","protected":false},"excerpt":{"rendered":"<p><span style=\"font-weight: 400;\"><strong>Laboratorio di carta riciclata (prenotazione obbligatoria)<\/strong><br \/>\nPrenota il tuo posto versando un acconto di 10\u20ac online acquistando questo prodotto.<br \/>\n<strong>Soc\u0259 gi\u00e0 iscritt\u0259:<\/strong> pagano 10\u20ac online e 5\u20ac in contanti all\u2019arrivo<br \/>\n<strong>Nuov\u0259 soc\u0259:<\/strong> pagano 10\u20ac online (per la nuova tessera associativa) e 15\u20ac in contanti all\u2019arrivo (per il laboratorio)<\/span><\/p>\n<p><strong>Swap Party, Picnic snacks and Talk and Live Music (no booking required)<\/strong><br \/>\nJust show up on the day with your valid membership card or buy one at the entrance (\u20ac10)<br \/>\n<br \/><span style=\"font-weight: 400;\">Read all the details below!<\/span><\/p>\n","protected":false},"featured_media":11002,"template":"","meta":{"_eb_attr":""},"product_brand":[],"product_cat":[90],"product_tag":[],"class_list":{"0":"post-10046","1":"product","2":"type-product","3":"status-publish","4":"has-post-thumbnail","6":"product_cat-eventi-2025","8":"first","9":"outofstock","10":"virtual","11":"taxable","12":"purchasable","13":"product-type-simple"},"yoast_head":"<!-- This site is optimized with the Yoast SEO plugin v27.4 - https:\/\/yoast.com\/product\/yoast-seo-wordpress\/ -->\n<title>Crea, Scambia, Connetti - Growing Greener<\/title>\n<meta name=\"description\" content=\"Unisciti a noi nel Cilento il 28 giugno per una giornata di creativit\u00e0, un workshop di carta riciclata, uno swap party e una talk sulla vita consapevole. Non perdertelo!\" \/>\n<meta name=\"robots\" content=\"index, follow, max-snippet:-1, max-image-preview:large, max-video-preview:-1\" \/>\n<link rel=\"canonical\" href=\"https:\/\/www.growinggreener.it\/it\/prodotto\/crea-scambia-connetti-2\/\" \/>\n<meta property=\"og:locale\" content=\"it_IT\" \/>\n<meta property=\"og:type\" content=\"article\" \/>\n<meta property=\"og:title\" content=\"Crea, Scambia, Connetti - Growing Greener\" \/>\n<meta property=\"og:description\" content=\"Unisciti a noi nel Cilento il 28 giugno per una giornata di creativit\u00e0, un workshop di carta riciclata, uno swap party e una talk sulla vita consapevole. Non perdertelo!\" \/>\n<meta property=\"og:url\" content=\"https:\/\/www.growinggreener.it\/it\/prodotto\/crea-scambia-connetti-2\/\" \/>\n<meta property=\"og:site_name\" content=\"Growing Greener\" \/>\n<meta property=\"article:modified_time\" content=\"2025-06-25T13:49:34+00:00\" \/>\n<meta property=\"og:image\" content=\"https:\/\/www.growinggreener.it\/wp-content\/uploads\/2025\/04\/create.png\" \/>\n\t<meta property=\"og:image:width\" content=\"1080\" \/>\n\t<meta property=\"og:image:height\" content=\"1080\" \/>\n\t<meta property=\"og:image:type\" content=\"image\/png\" \/>\n<meta name=\"twitter:card\" content=\"summary_large_image\" \/>\n<meta name=\"twitter:label1\" content=\"Tempo di lettura stimato\" \/>\n\t<meta name=\"twitter:data1\" content=\"3 minuti\" \/>\n<script type=\"application\/ld+json\" class=\"yoast-schema-graph\">{\"@context\":\"https:\\\/\\\/schema.org\",\"@graph\":[{\"@type\":\"WebPage\",\"@id\":\"https:\\\/\\\/www.growinggreener.it\\\/it\\\/prodotto\\\/crea-scambia-connetti-2\\\/\",\"url\":\"https:\\\/\\\/www.growinggreener.it\\\/it\\\/prodotto\\\/crea-scambia-connetti-2\\\/\",\"name\":\"Crea, Scambia, Connetti - Growing Greener\",\"isPartOf\":{\"@id\":\"https:\\\/\\\/www.growinggreener.it\\\/it\\\/#website\"},\"primaryImageOfPage\":{\"@id\":\"https:\\\/\\\/www.growinggreener.it\\\/it\\\/prodotto\\\/crea-scambia-connetti-2\\\/#primaryimage\"},\"image\":{\"@id\":\"https:\\\/\\\/www.growinggreener.it\\\/it\\\/prodotto\\\/crea-scambia-connetti-2\\\/#primaryimage\"},\"thumbnailUrl\":\"https:\\\/\\\/www.growinggreener.it\\\/wp-content\\\/uploads\\\/2025\\\/04\\\/create.png\",\"datePublished\":\"2025-04-02T00:40:40+00:00\",\"dateModified\":\"2025-06-25T13:49:34+00:00\",\"description\":\"Unisciti a noi nel Cilento il 28 giugno per una giornata di creativit\u00e0, un workshop di carta riciclata, uno swap party e una talk sulla vita consapevole. Non perdertelo!\",\"breadcrumb\":{\"@id\":\"https:\\\/\\\/www.growinggreener.it\\\/it\\\/prodotto\\\/crea-scambia-connetti-2\\\/#breadcrumb\"},\"inLanguage\":\"it-IT\",\"potentialAction\":[{\"@type\":\"ReadAction\",\"target\":[\"https:\\\/\\\/www.growinggreener.it\\\/it\\\/prodotto\\\/crea-scambia-connetti-2\\\/\"]}]},{\"@type\":\"ImageObject\",\"inLanguage\":\"it-IT\",\"@id\":\"https:\\\/\\\/www.growinggreener.it\\\/it\\\/prodotto\\\/crea-scambia-connetti-2\\\/#primaryimage\",\"url\":\"https:\\\/\\\/www.growinggreener.it\\\/wp-content\\\/uploads\\\/2025\\\/04\\\/create.png\",\"contentUrl\":\"https:\\\/\\\/www.growinggreener.it\\\/wp-content\\\/uploads\\\/2025\\\/04\\\/create.png\",\"width\":1080,\"height\":1080},{\"@type\":\"BreadcrumbList\",\"@id\":\"https:\\\/\\\/www.growinggreener.it\\\/it\\\/prodotto\\\/crea-scambia-connetti-2\\\/#breadcrumb\",\"itemListElement\":[{\"@type\":\"ListItem\",\"position\":1,\"name\":\"Home\",\"item\":\"https:\\\/\\\/www.growinggreener.it\\\/it\\\/\"},{\"@type\":\"ListItem\",\"position\":2,\"name\":\"Prodotti\",\"item\":\"https:\\\/\\\/www.growinggreener.it\\\/it\\\/shop\\\/\"},{\"@type\":\"ListItem\",\"position\":3,\"name\":\"Crea, Scambia, Connetti\"}]},{\"@type\":\"WebSite\",\"@id\":\"https:\\\/\\\/www.growinggreener.it\\\/it\\\/#website\",\"url\":\"https:\\\/\\\/www.growinggreener.it\\\/it\\\/\",\"name\":\"Growing Greener\",\"description\":\"\",\"publisher\":{\"@id\":\"https:\\\/\\\/www.growinggreener.it\\\/it\\\/#\\\/schema\\\/person\\\/a58bd20a1f45a8a79b48986466ed7f26\"},\"potentialAction\":[{\"@type\":\"SearchAction\",\"target\":{\"@type\":\"EntryPoint\",\"urlTemplate\":\"https:\\\/\\\/www.growinggreener.it\\\/it\\\/?s={search_term_string}\"},\"query-input\":{\"@type\":\"PropertyValueSpecification\",\"valueRequired\":true,\"valueName\":\"search_term_string\"}}],\"inLanguage\":\"it-IT\"},{\"@type\":[\"Person\",\"Organization\"],\"@id\":\"https:\\\/\\\/www.growinggreener.it\\\/it\\\/#\\\/schema\\\/person\\\/a58bd20a1f45a8a79b48986466ed7f26\",\"name\":\"Growing Greener\",\"image\":{\"@type\":\"ImageObject\",\"inLanguage\":\"it-IT\",\"@id\":\"https:\\\/\\\/www.growinggreener.it\\\/wp-content\\\/uploads\\\/2021\\\/11\\\/GG_brand-identity-1.png\",\"url\":\"https:\\\/\\\/www.growinggreener.it\\\/wp-content\\\/uploads\\\/2021\\\/11\\\/GG_brand-identity-1.png\",\"contentUrl\":\"https:\\\/\\\/www.growinggreener.it\\\/wp-content\\\/uploads\\\/2021\\\/11\\\/GG_brand-identity-1.png\",\"width\":310,\"height\":140,\"caption\":\"Growing Greener\"},\"logo\":{\"@id\":\"https:\\\/\\\/www.growinggreener.it\\\/wp-content\\\/uploads\\\/2021\\\/11\\\/GG_brand-identity-1.png\"},\"sameAs\":[\"https:\\\/\\\/www.growinggreener.it\"]}]}<\/script>\n<!-- \/ Yoast SEO plugin. -->","yoast_head_json":{"title":"Crea, Scambia, Connetti - Growing Greener","description":"Unisciti a noi nel Cilento il 28 giugno per una giornata di creativit\u00e0, un workshop di carta riciclata, uno swap party e una talk sulla vita consapevole. Non perdertelo!","robots":{"index":"index","follow":"follow","max-snippet":"max-snippet:-1","max-image-preview":"max-image-preview:large","max-video-preview":"max-video-preview:-1"},"canonical":"https:\/\/www.growinggreener.it\/it\/prodotto\/crea-scambia-connetti-2\/","og_locale":"it_IT","og_type":"article","og_title":"Crea, Scambia, Connetti - Growing Greener","og_description":"Unisciti a noi nel Cilento il 28 giugno per una giornata di creativit\u00e0, un workshop di carta riciclata, uno swap party e una talk sulla vita consapevole. Non perdertelo!","og_url":"https:\/\/www.growinggreener.it\/it\/prodotto\/crea-scambia-connetti-2\/","og_site_name":"Growing Greener","article_modified_time":"2025-06-25T13:49:34+00:00","og_image":[{"width":1080,"height":1080,"url":"https:\/\/www.growinggreener.it\/wp-content\/uploads\/2025\/04\/create.png","type":"image\/png"}],"twitter_card":"summary_large_image","twitter_misc":{"Tempo di lettura stimato":"3 minuti"},"schema":{"@context":"https:\/\/schema.org","@graph":[{"@type":"WebPage","@id":"https:\/\/www.growinggreener.it\/it\/prodotto\/crea-scambia-connetti-2\/","url":"https:\/\/www.growinggreener.it\/it\/prodotto\/crea-scambia-connetti-2\/","name":"Crea, Scambia, Connetti - Growing Greener","isPartOf":{"@id":"https:\/\/www.growinggreener.it\/it\/#website"},"primaryImageOfPage":{"@id":"https:\/\/www.growinggreener.it\/it\/prodotto\/crea-scambia-connetti-2\/#primaryimage"},"image":{"@id":"https:\/\/www.growinggreener.it\/it\/prodotto\/crea-scambia-connetti-2\/#primaryimage"},"thumbnailUrl":"https:\/\/www.growinggreener.it\/wp-content\/uploads\/2025\/04\/create.png","datePublished":"2025-04-02T00:40:40+00:00","dateModified":"2025-06-25T13:49:34+00:00","description":"Unisciti a noi nel Cilento il 28 giugno per una giornata di creativit\u00e0, un workshop di carta riciclata, uno swap party e una talk sulla vita consapevole. Non perdertelo!","breadcrumb":{"@id":"https:\/\/www.growinggreener.it\/it\/prodotto\/crea-scambia-connetti-2\/#breadcrumb"},"inLanguage":"it-IT","potentialAction":[{"@type":"ReadAction","target":["https:\/\/www.growinggreener.it\/it\/prodotto\/crea-scambia-connetti-2\/"]}]},{"@type":"ImageObject","inLanguage":"it-IT","@id":"https:\/\/www.growinggreener.it\/it\/prodotto\/crea-scambia-connetti-2\/#primaryimage","url":"https:\/\/www.growinggreener.it\/wp-content\/uploads\/2025\/04\/create.png","contentUrl":"https:\/\/www.growinggreener.it\/wp-content\/uploads\/2025\/04\/create.png","width":1080,"height":1080},{"@type":"BreadcrumbList","@id":"https:\/\/www.growinggreener.it\/it\/prodotto\/crea-scambia-connetti-2\/#breadcrumb","itemListElement":[{"@type":"ListItem","position":1,"name":"Home","item":"https:\/\/www.growinggreener.it\/it\/"},{"@type":"ListItem","position":2,"name":"Prodotti","item":"https:\/\/www.growinggreener.it\/it\/shop\/"},{"@type":"ListItem","position":3,"name":"Crea, Scambia, Connetti"}]},{"@type":"WebSite","@id":"https:\/\/www.growinggreener.it\/it\/#website","url":"https:\/\/www.growinggreener.it\/it\/","name":"Growing Greener","description":"","publisher":{"@id":"https:\/\/www.growinggreener.it\/it\/#\/schema\/person\/a58bd20a1f45a8a79b48986466ed7f26"},"potentialAction":[{"@type":"SearchAction","target":{"@type":"EntryPoint","urlTemplate":"https:\/\/www.growinggreener.it\/it\/?s={search_term_string}"},"query-input":{"@type":"PropertyValueSpecification","valueRequired":true,"valueName":"search_term_string"}}],"inLanguage":"it-IT"},{"@type":["Person","Organization"],"@id":"https:\/\/www.growinggreener.it\/it\/#\/schema\/person\/a58bd20a1f45a8a79b48986466ed7f26","name":"Growing Greener","image":{"@type":"ImageObject","inLanguage":"it-IT","@id":"https:\/\/www.growinggreener.it\/wp-content\/uploads\/2021\/11\/GG_brand-identity-1.png","url":"https:\/\/www.growinggreener.it\/wp-content\/uploads\/2021\/11\/GG_brand-identity-1.png","contentUrl":"https:\/\/www.growinggreener.it\/wp-content\/uploads\/2021\/11\/GG_brand-identity-1.png","width":310,"height":140,"caption":"Growing Greener"},"logo":{"@id":"https:\/\/www.growinggreener.it\/wp-content\/uploads\/2021\/11\/GG_brand-identity-1.png"},"sameAs":["https:\/\/www.growinggreener.it"]}]}},"_links":{"self":[{"href":"https:\/\/www.growinggreener.it\/it\/wp-json\/wp\/v2\/product\/10046","targetHints":{"allow":["GET"]}}],"collection":[{"href":"https:\/\/www.growinggreener.it\/it\/wp-json\/wp\/v2\/product"}],"about":[{"href":"https:\/\/www.growinggreener.it\/it\/wp-json\/wp\/v2\/types\/product"}],"wp:featuredmedia":[{"embeddable":true,"href":"https:\/\/www.growinggreener.it\/it\/wp-json\/wp\/v2\/media\/11002"}],"wp:attachment":[{"href":"https:\/\/www.growinggreener.it\/it\/wp-json\/wp\/v2\/media?parent=10046"}],"wp:term":[{"taxonomy":"product_brand","embeddable":true,"href":"https:\/\/www.growinggreener.it\/it\/wp-json\/wp\/v2\/product_brand?post=10046"},{"taxonomy":"product_cat","embeddable":true,"href":"https:\/\/www.growinggreener.it\/it\/wp-json\/wp\/v2\/product_cat?post=10046"},{"taxonomy":"product_tag","embeddable":true,"href":"https:\/\/www.growinggreener.it\/it\/wp-json\/wp\/v2\/product_tag?post=10046"}],"curies":[{"name":"wp","href":"https:\/\/api.w.org\/{rel}","templated":true}]}}