{"id":10061,"date":"2025-03-29T20:30:55","date_gmt":"2025-03-29T18:30:55","guid":{"rendered":"https:\/\/www.growinggreener.it\/prodotto\/panificazione\/"},"modified":"2025-04-03T09:45:16","modified_gmt":"2025-04-03T07:45:16","slug":"panificazione","status":"publish","type":"product","link":"https:\/\/www.growinggreener.it\/it\/prodotto\/panificazione\/","title":{"rendered":"Panificazione"},"content":{"rendered":"<p><b>\u00c8 arrivato il momento di rimboccarsi le maniche!<\/b><\/p>\n<p><span style=\"font-weight: 400;\">Se ti ritrovi nella nostra stessa situazione, casa sottosopra dopo aver tentato di fare l&#8217;impasto per la pizza del sabato sera, oppure un pane che, nonostante tutto l\u2019impegno, continua a uscire con forme improbabili e sapori insoddisfacenti, questo workshop \u00e8 proprio quello che fa per te! <\/span><\/p>\n<p><span style=\"font-weight: 400;\">Dopo aver passato ore a far lievitare la pizza e aver cercato invano di creare il pane perfetto, \u00e8 ora di imparare a farlo davvero, con le mani giuste e gli ingredienti giusti.<\/span><\/p>\n<p><span style=\"font-weight: 400;\">Nel nostro <\/span><b>corso <\/b><span style=\"font-weight: 400;\">ti guideremo attraverso tutti i segreti <\/span><b>della panificazione naturale<\/b><span style=\"font-weight: 400;\"> Dalla scelta delle farine alla gestione della pasta madre, fino ai trucchi per ottenere la giusta consistenza e il sapore perfetto. E alla fine, non solo avrai imparato qualcosa di nuovo, ma condivideremo insieme un aperitivo con la pizza fatta da noi.  <\/span><\/p>\n<p><span style=\"font-weight: 400;\">Il corso \u00e8 condotto da <\/span><b>Anna<\/b><span style=\"font-weight: 400;\">, <\/span><b>fondatrice di<\/b><a href=\"https:\/\/www.instagram.com\/impasti_radicali\/\"> <b><i>Impasti Radicali<\/i><\/b><\/a><span style=\"font-weight: 400;\">, che da anni <\/span><b>esplora la bellezza della panificazione naturale<\/b><span style=\"font-weight: 400;\"> Con la sua passione per la riscoperta delle tradizioni e un approccio che unisce alimentazione e consapevolezza, ti guider\u00e0 in un\u2019esperienza pratica. <\/span><\/p>\n<p><b>Costo del workshop:<br \/>\nNuovi membri: \u20ac35 + tessera associativa (\u20ac10)<br \/>\nMembri esistenti: \u20ac35 (\u20ac10 online e \u20ac25 in loco)<\/b><br \/>\nSe sei un nuovo membro, quando acquisti questo prodotto acquisti anche la tessera associativa. I 35\u20ac extra devono essere pagati in loco il giorno dell&#8217;evento.<br \/>\nSe sei gi\u00e0 associato, presentaci la tua tessera associativa valida il giorno dell&#8217;evento e dovrai pagare solo \u20ac25 in loco. <\/p>\n<p><b>Per il pranzo, ognuno porta il proprio pasto e<\/b><span style=\"font-weight: 400;\">, se vuoi, puoi condividere qualcosa con il gruppo. <\/span><b>Sentiti libero di portare una coperta per rilassarti all&#8217;aperto durante la pausa.<\/b><\/p>\n<h3><b>Programma<\/b><\/h3>\n<p><b>11:00<\/b><span style=\"font-weight: 400;\"> \u2013 Arrivo<\/span><span style=\"font-weight: 400;\"><br \/>\n<\/span><b>11:30<\/b><span style=\"font-weight: 400;\"> \u2013 Presentazione &amp; introduzione del corso <\/span><span style=\"font-weight: 400;\"><br \/>\n<\/span><b>11:45<\/b><span style=\"font-weight: 400;\"> \u2013 Inizio impasti &amp; teoria<\/span><span style=\"font-weight: 400;\"><br \/>\n<\/span><b>13:45<\/b><span style=\"font-weight: 400;\"> \u2013 Pranzo con &#8220;<\/span><i><span style=\"font-weight: 400;\">La Marenna<\/span><\/i><span style=\"font-weight: 400;\">&#8221; (intermezzo pieghe)<\/span><span style=\"font-weight: 400;\"><br \/>\n<\/span><b>15:30<\/b><span style=\"font-weight: 400;\"> \u2013 Chiusura impasti <\/span><span style=\"font-weight: 400;\"><br \/>\n<\/span><b>16:30 \/ 17:00<\/b><span style=\"font-weight: 400;\"> \u2013 Pausa<\/span><span style=\"font-weight: 400;\"><br \/>\n<\/span><b>18:00<\/b><span style=\"font-weight: 400;\"> \u2013 Aperitivo e infornata<\/span><\/p>\n<p><span style=\"font-weight: 400;\">Ti aspettiamo!<\/span><\/p>\n<h3><b>FAQ<\/b><\/h3>\n<h3><b style=\"font-size: 16px;\">Cosa succede se piove?<br \/>\n<\/b><span style=\"font-weight: 400; font-size: 16px;\">Se il meteo non sar\u00e0 favorevole e non sar\u00e0 possibile svolgere il workshop in condizioni ottimali, <strong>l&#8217;evento verr\u00e0 rimandato.<\/strong><\/span><\/h3>\n<h3><b style=\"font-size: 16px;\">Come verr\u00e0 comunicato l&#8217;eventuale rinvio?<br \/>\n<\/b><span style=\"font-weight: 400; font-size: 16px;\">Nel caso in cui il workshop venga posticipato, invieremo delle comunicazioni ufficiali a tutti gli iscritti tramite email o messaggio.<\/span><\/h3>\n<h3><b style=\"font-size: 16px;\">Dove si svolger\u00e0 il workshop?<br \/>\n<\/b><span style=\"font-size: 16px; font-weight: 400;\">L\u2019evento si terr\u00e0 nel nostro spazio a Perdifumo. Tutti i dettagli verranno forniti agli iscritti prima dell\u2019evento.<br \/>\n<\/span><\/h3>\n<h3><b style=\"font-size: 16px;\">Cosa devo portare?<br \/>\n<\/b><span style=\"font-weight: 400; font-size: 16px;\">Ogni partecipante <strong>deve portare il proprio pranzo<\/strong> e, se vuole, qualcosa da condividere con il gruppo.<br \/>\n\u00c8 consigliato anche un <strong>telo per rilassarsi<\/strong> durante la pausa.<\/span><\/h3>\n<h3><b style=\"font-size: 16px;\">Come devo vestirmi?<br \/>\n<\/b><span style=\"font-weight: 400; font-size: 16px;\">Si consiglia di indossare un <strong>abbigliamento comodo e scarpe da ginnastica<\/strong>.<\/span><\/h3>\n<h3><b style=\"font-size: 16px;\">\u00c8 necessario avere esperienza per partecipare?<br \/>\n<\/b><span style=\"font-weight: 400; font-size: 16px;\">No, il <strong>workshop \u00e8 aperto a tutti<\/strong>, anche a chi \u00e8 alle prime armi con la panificazione.<\/span><\/h3>\n<h3><b style=\"font-size: 16px;\">Devo portare attrezzi o ingredienti?<br \/>\n<\/b><span style=\"font-weight: 400; font-size: 16px;\"><strong>No<\/strong>, tutto il materiale necessario sar\u00e0 fornito durante il corso.<\/span><\/h3>\n<h3><b style=\"font-size: 16px;\">Quanto costa il workshop?<br \/>\n<\/b><span style=\"font-weight: 400; font-size: 16px;\">Il costo <strong>dell\u2019intera giornata<\/strong>, compreso <strong>l\u2019aperitivo finale<\/strong>, \u00e8 di <strong>35 euro (+membershio card)<\/strong>.<\/span><\/h3>\n<h3><b style=\"font-size: 16px;\">Serve la tessera associativa?<br \/>\n<\/b><span style=\"font-weight: 400; font-size: 16px;\">S\u00ec, la <strong>tessera associativa<\/strong> \u00e8 obbligatoria e ha un <strong>costo di 10 euro<\/strong>, con validit\u00e0 annuale.<\/span><\/h3>\n<p><span style=\"font-weight: 400;\"><b>Devo prenotare o posso venire senza avviso?<br \/>\n<\/b><b>La prenotazione \u00e8 obbligatoria<\/b>, visto che i posti sono limitati.<\/span><\/p>\n<p><span style=\"font-weight: 400;\">Se avete altre domande, non esitate a contattarci!<\/span><b><br \/>\n<\/b><\/p>\n","protected":false},"excerpt":{"rendered":"<p>Scopri i<strong> segreti della pasta madre e della panificazione naturale<\/strong> con Anna di Impasti Radicali.<br \/>\nNuovi soci: 35 \u20ac + tessera associativa (10 \u20ac)<br \/>\nSoci esistenti: 35 \u20ac<br \/>\nIl prezzo <strong>include un aperitivo.<br \/>\n<\/strong><strong>Leggi tutti i dettagli qui sotto.<\/strong><\/p>\n","protected":false},"featured_media":11115,"template":"","meta":{"_eb_attr":""},"product_brand":[],"product_cat":[90],"product_tag":[],"class_list":{"0":"post-10061","1":"product","2":"type-product","3":"status-publish","4":"has-post-thumbnail","6":"product_cat-eventi-2025","8":"first","9":"outofstock","10":"virtual","11":"taxable","12":"purchasable","13":"product-type-simple"},"yoast_head":"<!-- This site is optimized with the Yoast SEO plugin v27.4 - https:\/\/yoast.com\/product\/yoast-seo-wordpress\/ -->\n<title>Panificazione - Growing Greener<\/title>\n<meta name=\"description\" content=\"Partecipa al nostro workshop di panificazione naturale nel Cilento il 7 giugno con Anna di Impasti Radicali! Impara, cuoci e gusta un aperitivo a base di pizza. Prenota ora!\" \/>\n<meta name=\"robots\" content=\"index, follow, max-snippet:-1, max-image-preview:large, max-video-preview:-1\" \/>\n<link rel=\"canonical\" href=\"https:\/\/www.growinggreener.it\/it\/prodotto\/panificazione\/\" \/>\n<meta property=\"og:locale\" content=\"it_IT\" \/>\n<meta property=\"og:type\" content=\"article\" \/>\n<meta property=\"og:title\" content=\"Panificazione - Growing Greener\" \/>\n<meta property=\"og:description\" content=\"Partecipa al nostro workshop di panificazione naturale nel Cilento il 7 giugno con Anna di Impasti Radicali! Impara, cuoci e gusta un aperitivo a base di pizza. Prenota ora!\" \/>\n<meta property=\"og:url\" content=\"https:\/\/www.growinggreener.it\/it\/prodotto\/panificazione\/\" \/>\n<meta property=\"og:site_name\" content=\"Growing Greener\" \/>\n<meta property=\"article:modified_time\" content=\"2025-04-03T07:45:16+00:00\" \/>\n<meta property=\"og:image\" content=\"https:\/\/www.growinggreener.it\/wp-content\/uploads\/2025\/03\/Traditionalbreadmaking.png\" \/>\n\t<meta property=\"og:image:width\" content=\"1080\" \/>\n\t<meta property=\"og:image:height\" content=\"1080\" \/>\n\t<meta property=\"og:image:type\" content=\"image\/png\" \/>\n<meta name=\"twitter:card\" content=\"summary_large_image\" \/>\n<meta name=\"twitter:label1\" content=\"Tempo di lettura stimato\" \/>\n\t<meta name=\"twitter:data1\" content=\"2 minuti\" \/>\n<script type=\"application\/ld+json\" class=\"yoast-schema-graph\">{\"@context\":\"https:\\\/\\\/schema.org\",\"@graph\":[{\"@type\":\"WebPage\",\"@id\":\"https:\\\/\\\/www.growinggreener.it\\\/it\\\/prodotto\\\/panificazione\\\/\",\"url\":\"https:\\\/\\\/www.growinggreener.it\\\/it\\\/prodotto\\\/panificazione\\\/\",\"name\":\"Panificazione - Growing Greener\",\"isPartOf\":{\"@id\":\"https:\\\/\\\/www.growinggreener.it\\\/it\\\/#website\"},\"primaryImageOfPage\":{\"@id\":\"https:\\\/\\\/www.growinggreener.it\\\/it\\\/prodotto\\\/panificazione\\\/#primaryimage\"},\"image\":{\"@id\":\"https:\\\/\\\/www.growinggreener.it\\\/it\\\/prodotto\\\/panificazione\\\/#primaryimage\"},\"thumbnailUrl\":\"https:\\\/\\\/www.growinggreener.it\\\/wp-content\\\/uploads\\\/2025\\\/03\\\/traditional-1.png\",\"datePublished\":\"2025-03-29T18:30:55+00:00\",\"dateModified\":\"2025-04-03T07:45:16+00:00\",\"description\":\"Partecipa al nostro workshop di panificazione naturale nel Cilento il 7 giugno con Anna di Impasti Radicali! Impara, cuoci e gusta un aperitivo a base di pizza. Prenota ora!\",\"breadcrumb\":{\"@id\":\"https:\\\/\\\/www.growinggreener.it\\\/it\\\/prodotto\\\/panificazione\\\/#breadcrumb\"},\"inLanguage\":\"it-IT\",\"potentialAction\":[{\"@type\":\"ReadAction\",\"target\":[\"https:\\\/\\\/www.growinggreener.it\\\/it\\\/prodotto\\\/panificazione\\\/\"]}]},{\"@type\":\"ImageObject\",\"inLanguage\":\"it-IT\",\"@id\":\"https:\\\/\\\/www.growinggreener.it\\\/it\\\/prodotto\\\/panificazione\\\/#primaryimage\",\"url\":\"https:\\\/\\\/www.growinggreener.it\\\/wp-content\\\/uploads\\\/2025\\\/03\\\/traditional-1.png\",\"contentUrl\":\"https:\\\/\\\/www.growinggreener.it\\\/wp-content\\\/uploads\\\/2025\\\/03\\\/traditional-1.png\",\"width\":1080,\"height\":1080},{\"@type\":\"BreadcrumbList\",\"@id\":\"https:\\\/\\\/www.growinggreener.it\\\/it\\\/prodotto\\\/panificazione\\\/#breadcrumb\",\"itemListElement\":[{\"@type\":\"ListItem\",\"position\":1,\"name\":\"Home\",\"item\":\"https:\\\/\\\/www.growinggreener.it\\\/it\\\/\"},{\"@type\":\"ListItem\",\"position\":2,\"name\":\"Prodotti\",\"item\":\"https:\\\/\\\/www.growinggreener.it\\\/it\\\/shop\\\/\"},{\"@type\":\"ListItem\",\"position\":3,\"name\":\"Panificazione\"}]},{\"@type\":\"WebSite\",\"@id\":\"https:\\\/\\\/www.growinggreener.it\\\/it\\\/#website\",\"url\":\"https:\\\/\\\/www.growinggreener.it\\\/it\\\/\",\"name\":\"Growing Greener\",\"description\":\"\",\"publisher\":{\"@id\":\"https:\\\/\\\/www.growinggreener.it\\\/it\\\/#\\\/schema\\\/person\\\/a58bd20a1f45a8a79b48986466ed7f26\"},\"potentialAction\":[{\"@type\":\"SearchAction\",\"target\":{\"@type\":\"EntryPoint\",\"urlTemplate\":\"https:\\\/\\\/www.growinggreener.it\\\/it\\\/?s={search_term_string}\"},\"query-input\":{\"@type\":\"PropertyValueSpecification\",\"valueRequired\":true,\"valueName\":\"search_term_string\"}}],\"inLanguage\":\"it-IT\"},{\"@type\":[\"Person\",\"Organization\"],\"@id\":\"https:\\\/\\\/www.growinggreener.it\\\/it\\\/#\\\/schema\\\/person\\\/a58bd20a1f45a8a79b48986466ed7f26\",\"name\":\"Growing Greener\",\"image\":{\"@type\":\"ImageObject\",\"inLanguage\":\"it-IT\",\"@id\":\"https:\\\/\\\/www.growinggreener.it\\\/wp-content\\\/uploads\\\/2021\\\/11\\\/GG_brand-identity-1.png\",\"url\":\"https:\\\/\\\/www.growinggreener.it\\\/wp-content\\\/uploads\\\/2021\\\/11\\\/GG_brand-identity-1.png\",\"contentUrl\":\"https:\\\/\\\/www.growinggreener.it\\\/wp-content\\\/uploads\\\/2021\\\/11\\\/GG_brand-identity-1.png\",\"width\":310,\"height\":140,\"caption\":\"Growing Greener\"},\"logo\":{\"@id\":\"https:\\\/\\\/www.growinggreener.it\\\/wp-content\\\/uploads\\\/2021\\\/11\\\/GG_brand-identity-1.png\"},\"sameAs\":[\"https:\\\/\\\/www.growinggreener.it\"]}]}<\/script>\n<!-- \/ Yoast SEO plugin. -->","yoast_head_json":{"title":"Panificazione - Growing Greener","description":"Partecipa al nostro workshop di panificazione naturale nel Cilento il 7 giugno con Anna di Impasti Radicali! Impara, cuoci e gusta un aperitivo a base di pizza. Prenota ora!","robots":{"index":"index","follow":"follow","max-snippet":"max-snippet:-1","max-image-preview":"max-image-preview:large","max-video-preview":"max-video-preview:-1"},"canonical":"https:\/\/www.growinggreener.it\/it\/prodotto\/panificazione\/","og_locale":"it_IT","og_type":"article","og_title":"Panificazione - Growing Greener","og_description":"Partecipa al nostro workshop di panificazione naturale nel Cilento il 7 giugno con Anna di Impasti Radicali! Impara, cuoci e gusta un aperitivo a base di pizza. Prenota ora!","og_url":"https:\/\/www.growinggreener.it\/it\/prodotto\/panificazione\/","og_site_name":"Growing Greener","article_modified_time":"2025-04-03T07:45:16+00:00","og_image":[{"width":1080,"height":1080,"url":"https:\/\/www.growinggreener.it\/wp-content\/uploads\/2025\/03\/Traditionalbreadmaking.png","type":"image\/png"}],"twitter_card":"summary_large_image","twitter_misc":{"Tempo di lettura stimato":"2 minuti"},"schema":{"@context":"https:\/\/schema.org","@graph":[{"@type":"WebPage","@id":"https:\/\/www.growinggreener.it\/it\/prodotto\/panificazione\/","url":"https:\/\/www.growinggreener.it\/it\/prodotto\/panificazione\/","name":"Panificazione - Growing Greener","isPartOf":{"@id":"https:\/\/www.growinggreener.it\/it\/#website"},"primaryImageOfPage":{"@id":"https:\/\/www.growinggreener.it\/it\/prodotto\/panificazione\/#primaryimage"},"image":{"@id":"https:\/\/www.growinggreener.it\/it\/prodotto\/panificazione\/#primaryimage"},"thumbnailUrl":"https:\/\/www.growinggreener.it\/wp-content\/uploads\/2025\/03\/traditional-1.png","datePublished":"2025-03-29T18:30:55+00:00","dateModified":"2025-04-03T07:45:16+00:00","description":"Partecipa al nostro workshop di panificazione naturale nel Cilento il 7 giugno con Anna di Impasti Radicali! Impara, cuoci e gusta un aperitivo a base di pizza. Prenota ora!","breadcrumb":{"@id":"https:\/\/www.growinggreener.it\/it\/prodotto\/panificazione\/#breadcrumb"},"inLanguage":"it-IT","potentialAction":[{"@type":"ReadAction","target":["https:\/\/www.growinggreener.it\/it\/prodotto\/panificazione\/"]}]},{"@type":"ImageObject","inLanguage":"it-IT","@id":"https:\/\/www.growinggreener.it\/it\/prodotto\/panificazione\/#primaryimage","url":"https:\/\/www.growinggreener.it\/wp-content\/uploads\/2025\/03\/traditional-1.png","contentUrl":"https:\/\/www.growinggreener.it\/wp-content\/uploads\/2025\/03\/traditional-1.png","width":1080,"height":1080},{"@type":"BreadcrumbList","@id":"https:\/\/www.growinggreener.it\/it\/prodotto\/panificazione\/#breadcrumb","itemListElement":[{"@type":"ListItem","position":1,"name":"Home","item":"https:\/\/www.growinggreener.it\/it\/"},{"@type":"ListItem","position":2,"name":"Prodotti","item":"https:\/\/www.growinggreener.it\/it\/shop\/"},{"@type":"ListItem","position":3,"name":"Panificazione"}]},{"@type":"WebSite","@id":"https:\/\/www.growinggreener.it\/it\/#website","url":"https:\/\/www.growinggreener.it\/it\/","name":"Growing Greener","description":"","publisher":{"@id":"https:\/\/www.growinggreener.it\/it\/#\/schema\/person\/a58bd20a1f45a8a79b48986466ed7f26"},"potentialAction":[{"@type":"SearchAction","target":{"@type":"EntryPoint","urlTemplate":"https:\/\/www.growinggreener.it\/it\/?s={search_term_string}"},"query-input":{"@type":"PropertyValueSpecification","valueRequired":true,"valueName":"search_term_string"}}],"inLanguage":"it-IT"},{"@type":["Person","Organization"],"@id":"https:\/\/www.growinggreener.it\/it\/#\/schema\/person\/a58bd20a1f45a8a79b48986466ed7f26","name":"Growing Greener","image":{"@type":"ImageObject","inLanguage":"it-IT","@id":"https:\/\/www.growinggreener.it\/wp-content\/uploads\/2021\/11\/GG_brand-identity-1.png","url":"https:\/\/www.growinggreener.it\/wp-content\/uploads\/2021\/11\/GG_brand-identity-1.png","contentUrl":"https:\/\/www.growinggreener.it\/wp-content\/uploads\/2021\/11\/GG_brand-identity-1.png","width":310,"height":140,"caption":"Growing Greener"},"logo":{"@id":"https:\/\/www.growinggreener.it\/wp-content\/uploads\/2021\/11\/GG_brand-identity-1.png"},"sameAs":["https:\/\/www.growinggreener.it"]}]}},"_links":{"self":[{"href":"https:\/\/www.growinggreener.it\/it\/wp-json\/wp\/v2\/product\/10061","targetHints":{"allow":["GET"]}}],"collection":[{"href":"https:\/\/www.growinggreener.it\/it\/wp-json\/wp\/v2\/product"}],"about":[{"href":"https:\/\/www.growinggreener.it\/it\/wp-json\/wp\/v2\/types\/product"}],"wp:featuredmedia":[{"embeddable":true,"href":"https:\/\/www.growinggreener.it\/it\/wp-json\/wp\/v2\/media\/11115"}],"wp:attachment":[{"href":"https:\/\/www.growinggreener.it\/it\/wp-json\/wp\/v2\/media?parent=10061"}],"wp:term":[{"taxonomy":"product_brand","embeddable":true,"href":"https:\/\/www.growinggreener.it\/it\/wp-json\/wp\/v2\/product_brand?post=10061"},{"taxonomy":"product_cat","embeddable":true,"href":"https:\/\/www.growinggreener.it\/it\/wp-json\/wp\/v2\/product_cat?post=10061"},{"taxonomy":"product_tag","embeddable":true,"href":"https:\/\/www.growinggreener.it\/it\/wp-json\/wp\/v2\/product_tag?post=10061"}],"curies":[{"name":"wp","href":"https:\/\/api.w.org\/{rel}","templated":true}]}}