{"id":10331,"date":"2025-03-31T13:35:56","date_gmt":"2025-03-31T11:35:56","guid":{"rendered":"https:\/\/www.growinggreener.it\/prodotto\/un-giorno-a-perdifumo\/"},"modified":"2025-09-03T12:13:14","modified_gmt":"2025-09-03T10:13:14","slug":"un-giorno-a-perdifumo","status":"publish","type":"product","link":"https:\/\/www.growinggreener.it\/it\/prodotto\/un-giorno-a-perdifumo\/","title":{"rendered":"Un giorno a Perdifumo"},"content":{"rendered":"<p><span style=\"font-weight: 400;\">Pront\u0259 a esplorare Perdifumo? Per chi non lo sapesse, Perdifumo \u00e8 il paese che chiamiamo casa, e non vediamo l\u2019ora di condividerlo con voi.  <\/span>Trascorri una serata speciale tra angoli nascosti, storie locali e momenti di vita quotidiana del paese.<\/p>\n<p data-start=\"598\" data-end=\"632\"><strong data-start=\"598\" data-end=\"630\">Com\u2019\u00e8 strutturato l\u2019evento:<\/strong><\/p>\n<p data-start=\"634\" data-end=\"820\">Ti aspettiamo dalle 17:00 per una visita guidata di Perdifumo insieme a Nunzia, esperta del posto. Ci accompagner\u00e0 tra angoli nascosti, racconti affascinanti e scorci di vita quotidiana nel cuore del paese. <\/p>\n<p data-start=\"822\" data-end=\"951\">Dopo il tour, ci godremo una cena tradizionale preparata da Amelia, cuoca locale, celebrando buon cibo e buona compagnia.<\/p>\n<p data-start=\"953\" data-end=\"1067\">Questa giornata \u00e8 dedicata a esplorare, incontrare persone e vivere il vero Cilento in modo rilassato e piacevole.<\/p>\n<p data-start=\"1074\" data-end=\"1102\"><strong data-start=\"1074\" data-end=\"1100\">Come funziona il pagamento:<\/strong><\/p>\n<p data-start=\"1104\" data-end=\"1372\"><strong data-start=\"1104\" data-end=\"1120\">Nuov\u0259 soc\u0259:<\/strong><br data-start=\"1120\" data-end=\"1123\">&#8211; pagano \u20ac10 online per prenotare il proprio posto (corrispondenti alla tessera associativa)<br data-start=\"1205\" data-end=\"1208\">&#8211; pagano \u20ac20 in contanti il giorno dell\u2019evento (costo del tour e della cena)<br data-start=\"1283\" data-end=\"1286\">La tessera verr\u00e0 rilasciata il giorno dell\u2019evento ed \u00e8 valida per 1 anno.<\/p>\n<p data-start=\"1374\" data-end=\"1489\"><strong data-start=\"1374\" data-end=\"1395\">Soc\u0259 gi\u00e0 iscritt\u0259:<\/strong><br data-start=\"1395\" data-end=\"1398\">&#8211; pagano \u20ac10\u20ac online (come acconto per l\u2019evento)<br data-start=\"1443\" data-end=\"1446\">&#8211; pagano \u20ac10 in contanti il giorno dell\u2019evento<\/p>\n<p><b>FAQ:<\/b><\/p>\n<p><b>Cosa devo indossare per l\u2019evento?<\/b><b><br \/>\n<\/b><span style=\"font-weight: 400;\">Vestiti comodi! Siamo in giro a passeggiare per Perdifumo, quindi le scarpe da ginnastica sono un must. <\/span><\/p>\n<p><b>Se piove, l\u2019evento si fa lo stesso?<\/b><b><br \/>\n<\/b><span style=\"font-weight: 400;\">No, se il tempo non ci sorride, l&#8217;evento verr\u00e0 rimandato. Non preoccuparti, saremo noi a mandarvi una comunicazione ufficiale. <\/span><\/p>\n<p><b>Come posso prenotare?<\/b><b><br \/>\n<\/b><span style=\"font-weight: 400;\">La prenotazione \u00e8 obbligatoria. I posti sono limitati, quindi per non rischiare di rimanere fuori, contattaci in anticipo per assicurarti il tuo posto. <\/span><\/p>\n<p><b>Posso partecipare se ho intolleranze\/esigenze alimentari?<\/b><b><br \/>\n<\/b><span style=\"font-weight: 400;\">Certo! Se hai intolleranze\/esigenze alimentari, scrivici una mail ( <\/span><a href=\"mailto:contact@growinggreener.it\"><span style=\"font-weight: 400;\">a contact@growinggreener.it<\/span><\/a><span style=\"font-weight: 400;\">) specificando le tue esigenze e ci assicureremo che tu possa goderti la cena senza problemi. <\/span><\/p>\n<p><b>Posso venire con amici o familiari?<\/b><b><br \/>\n<\/b><span style=\"font-weight: 400;\">Assolutamente! Pi\u00f9 siamo, meglio \u00e8, ma ricorda che la tessera associativa \u00e8 obbligatoria per chi non la possiede gi\u00e0.  <\/span><\/p>\n<p><b>L&#8217;evento \u00e8 adatto a tutti?<\/b><b><br \/>\n<\/b><span style=\"font-weight: 400;\">S\u00ec, l&#8217;evento \u00e8 aperto a tutti: grandi e piccini, curiosi e amanti della tradizione. Perfetto per chi vuole scoprire Perdifumo sotto una nuova luce (e mangiare bene, ovviamente!).  <\/span><\/p>\n","protected":false},"excerpt":{"rendered":"<p data-start=\"199\" data-end=\"333\">Ti aspettiamo a Perdifumo il 13 settembre per una serata all\u2019insegna della scoperta, dei racconti e di una cena tradizionale locale.<\/p>\n<p data-start=\"335\" data-end=\"433\">Prenota il tuo posto versando un acconto di \u20ac10 online acquistando questo prodotto.<br data-start=\"401\" data-end=\"404\">Costo: 20\u20ac + tessera associativa<\/p>\n<p data-start=\"335\" data-end=\"433\">Scorri in basso per tutti i dettagli!<\/p>\n","protected":false},"featured_media":11394,"template":"","meta":{"_eb_attr":""},"product_brand":[],"product_cat":[90],"product_tag":[],"class_list":{"0":"post-10331","1":"product","2":"type-product","3":"status-publish","4":"has-post-thumbnail","6":"product_cat-eventi-2025","8":"first","9":"outofstock","10":"virtual","11":"taxable","12":"purchasable","13":"product-type-simple"},"yoast_head":"<!-- This site is optimized with the Yoast SEO plugin v27.4 - https:\/\/yoast.com\/product\/yoast-seo-wordpress\/ -->\n<title>Un giorno a Perdifumo - Growing Greener<\/title>\n<meta name=\"description\" content=\"Scopri Perdifumo il 13 settembre, nel cuore del Cilento, con una passeggiata guidata tra le sue strade storiche, seguita da una cena tradizionale cilentana.\" \/>\n<meta name=\"robots\" content=\"index, follow, max-snippet:-1, max-image-preview:large, max-video-preview:-1\" \/>\n<link rel=\"canonical\" href=\"https:\/\/www.growinggreener.it\/it\/prodotto\/un-giorno-a-perdifumo\/\" \/>\n<meta property=\"og:locale\" content=\"it_IT\" \/>\n<meta property=\"og:type\" content=\"article\" \/>\n<meta property=\"og:title\" content=\"Un giorno a Perdifumo - Growing Greener\" \/>\n<meta property=\"og:description\" content=\"Scopri Perdifumo il 13 settembre, nel cuore del Cilento, con una passeggiata guidata tra le sue strade storiche, seguita da una cena tradizionale cilentana.\" \/>\n<meta property=\"og:url\" content=\"https:\/\/www.growinggreener.it\/it\/prodotto\/un-giorno-a-perdifumo\/\" \/>\n<meta property=\"og:site_name\" content=\"Growing Greener\" \/>\n<meta property=\"article:modified_time\" content=\"2025-09-03T10:13:14+00:00\" \/>\n<meta property=\"og:image\" content=\"https:\/\/www.growinggreener.it\/wp-content\/uploads\/2025\/03\/eventi-2025-update.png\" \/>\n\t<meta property=\"og:image:width\" content=\"1080\" \/>\n\t<meta property=\"og:image:height\" content=\"1080\" \/>\n\t<meta property=\"og:image:type\" content=\"image\/png\" \/>\n<meta name=\"twitter:card\" content=\"summary_large_image\" \/>\n<meta name=\"twitter:label1\" content=\"Tempo di lettura stimato\" \/>\n\t<meta name=\"twitter:data1\" content=\"2 minuti\" \/>\n<script type=\"application\/ld+json\" class=\"yoast-schema-graph\">{\"@context\":\"https:\\\/\\\/schema.org\",\"@graph\":[{\"@type\":\"WebPage\",\"@id\":\"https:\\\/\\\/www.growinggreener.it\\\/it\\\/prodotto\\\/un-giorno-a-perdifumo\\\/\",\"url\":\"https:\\\/\\\/www.growinggreener.it\\\/it\\\/prodotto\\\/un-giorno-a-perdifumo\\\/\",\"name\":\"Un giorno a Perdifumo - Growing Greener\",\"isPartOf\":{\"@id\":\"https:\\\/\\\/www.growinggreener.it\\\/it\\\/#website\"},\"primaryImageOfPage\":{\"@id\":\"https:\\\/\\\/www.growinggreener.it\\\/it\\\/prodotto\\\/un-giorno-a-perdifumo\\\/#primaryimage\"},\"image\":{\"@id\":\"https:\\\/\\\/www.growinggreener.it\\\/it\\\/prodotto\\\/un-giorno-a-perdifumo\\\/#primaryimage\"},\"thumbnailUrl\":\"https:\\\/\\\/www.growinggreener.it\\\/wp-content\\\/uploads\\\/2025\\\/03\\\/eventi-2025-update.png\",\"datePublished\":\"2025-03-31T11:35:56+00:00\",\"dateModified\":\"2025-09-03T10:13:14+00:00\",\"description\":\"Scopri Perdifumo il 13 settembre, nel cuore del Cilento, con una passeggiata guidata tra le sue strade storiche, seguita da una cena tradizionale cilentana.\",\"breadcrumb\":{\"@id\":\"https:\\\/\\\/www.growinggreener.it\\\/it\\\/prodotto\\\/un-giorno-a-perdifumo\\\/#breadcrumb\"},\"inLanguage\":\"it-IT\",\"potentialAction\":[{\"@type\":\"ReadAction\",\"target\":[\"https:\\\/\\\/www.growinggreener.it\\\/it\\\/prodotto\\\/un-giorno-a-perdifumo\\\/\"]}]},{\"@type\":\"ImageObject\",\"inLanguage\":\"it-IT\",\"@id\":\"https:\\\/\\\/www.growinggreener.it\\\/it\\\/prodotto\\\/un-giorno-a-perdifumo\\\/#primaryimage\",\"url\":\"https:\\\/\\\/www.growinggreener.it\\\/wp-content\\\/uploads\\\/2025\\\/03\\\/eventi-2025-update.png\",\"contentUrl\":\"https:\\\/\\\/www.growinggreener.it\\\/wp-content\\\/uploads\\\/2025\\\/03\\\/eventi-2025-update.png\",\"width\":1080,\"height\":1080},{\"@type\":\"BreadcrumbList\",\"@id\":\"https:\\\/\\\/www.growinggreener.it\\\/it\\\/prodotto\\\/un-giorno-a-perdifumo\\\/#breadcrumb\",\"itemListElement\":[{\"@type\":\"ListItem\",\"position\":1,\"name\":\"Home\",\"item\":\"https:\\\/\\\/www.growinggreener.it\\\/it\\\/\"},{\"@type\":\"ListItem\",\"position\":2,\"name\":\"Prodotti\",\"item\":\"https:\\\/\\\/www.growinggreener.it\\\/it\\\/shop\\\/\"},{\"@type\":\"ListItem\",\"position\":3,\"name\":\"Un giorno a Perdifumo\"}]},{\"@type\":\"WebSite\",\"@id\":\"https:\\\/\\\/www.growinggreener.it\\\/it\\\/#website\",\"url\":\"https:\\\/\\\/www.growinggreener.it\\\/it\\\/\",\"name\":\"Growing Greener\",\"description\":\"\",\"publisher\":{\"@id\":\"https:\\\/\\\/www.growinggreener.it\\\/it\\\/#\\\/schema\\\/person\\\/a58bd20a1f45a8a79b48986466ed7f26\"},\"potentialAction\":[{\"@type\":\"SearchAction\",\"target\":{\"@type\":\"EntryPoint\",\"urlTemplate\":\"https:\\\/\\\/www.growinggreener.it\\\/it\\\/?s={search_term_string}\"},\"query-input\":{\"@type\":\"PropertyValueSpecification\",\"valueRequired\":true,\"valueName\":\"search_term_string\"}}],\"inLanguage\":\"it-IT\"},{\"@type\":[\"Person\",\"Organization\"],\"@id\":\"https:\\\/\\\/www.growinggreener.it\\\/it\\\/#\\\/schema\\\/person\\\/a58bd20a1f45a8a79b48986466ed7f26\",\"name\":\"Growing Greener\",\"image\":{\"@type\":\"ImageObject\",\"inLanguage\":\"it-IT\",\"@id\":\"https:\\\/\\\/www.growinggreener.it\\\/wp-content\\\/uploads\\\/2021\\\/11\\\/GG_brand-identity-1.png\",\"url\":\"https:\\\/\\\/www.growinggreener.it\\\/wp-content\\\/uploads\\\/2021\\\/11\\\/GG_brand-identity-1.png\",\"contentUrl\":\"https:\\\/\\\/www.growinggreener.it\\\/wp-content\\\/uploads\\\/2021\\\/11\\\/GG_brand-identity-1.png\",\"width\":310,\"height\":140,\"caption\":\"Growing Greener\"},\"logo\":{\"@id\":\"https:\\\/\\\/www.growinggreener.it\\\/wp-content\\\/uploads\\\/2021\\\/11\\\/GG_brand-identity-1.png\"},\"sameAs\":[\"https:\\\/\\\/www.growinggreener.it\"]}]}<\/script>\n<!-- \/ Yoast SEO plugin. -->","yoast_head_json":{"title":"Un giorno a Perdifumo - Growing Greener","description":"Scopri Perdifumo il 13 settembre, nel cuore del Cilento, con una passeggiata guidata tra le sue strade storiche, seguita da una cena tradizionale cilentana.","robots":{"index":"index","follow":"follow","max-snippet":"max-snippet:-1","max-image-preview":"max-image-preview:large","max-video-preview":"max-video-preview:-1"},"canonical":"https:\/\/www.growinggreener.it\/it\/prodotto\/un-giorno-a-perdifumo\/","og_locale":"it_IT","og_type":"article","og_title":"Un giorno a Perdifumo - Growing Greener","og_description":"Scopri Perdifumo il 13 settembre, nel cuore del Cilento, con una passeggiata guidata tra le sue strade storiche, seguita da una cena tradizionale cilentana.","og_url":"https:\/\/www.growinggreener.it\/it\/prodotto\/un-giorno-a-perdifumo\/","og_site_name":"Growing Greener","article_modified_time":"2025-09-03T10:13:14+00:00","og_image":[{"width":1080,"height":1080,"url":"https:\/\/www.growinggreener.it\/wp-content\/uploads\/2025\/03\/eventi-2025-update.png","type":"image\/png"}],"twitter_card":"summary_large_image","twitter_misc":{"Tempo di lettura stimato":"2 minuti"},"schema":{"@context":"https:\/\/schema.org","@graph":[{"@type":"WebPage","@id":"https:\/\/www.growinggreener.it\/it\/prodotto\/un-giorno-a-perdifumo\/","url":"https:\/\/www.growinggreener.it\/it\/prodotto\/un-giorno-a-perdifumo\/","name":"Un giorno a Perdifumo - Growing Greener","isPartOf":{"@id":"https:\/\/www.growinggreener.it\/it\/#website"},"primaryImageOfPage":{"@id":"https:\/\/www.growinggreener.it\/it\/prodotto\/un-giorno-a-perdifumo\/#primaryimage"},"image":{"@id":"https:\/\/www.growinggreener.it\/it\/prodotto\/un-giorno-a-perdifumo\/#primaryimage"},"thumbnailUrl":"https:\/\/www.growinggreener.it\/wp-content\/uploads\/2025\/03\/eventi-2025-update.png","datePublished":"2025-03-31T11:35:56+00:00","dateModified":"2025-09-03T10:13:14+00:00","description":"Scopri Perdifumo il 13 settembre, nel cuore del Cilento, con una passeggiata guidata tra le sue strade storiche, seguita da una cena tradizionale cilentana.","breadcrumb":{"@id":"https:\/\/www.growinggreener.it\/it\/prodotto\/un-giorno-a-perdifumo\/#breadcrumb"},"inLanguage":"it-IT","potentialAction":[{"@type":"ReadAction","target":["https:\/\/www.growinggreener.it\/it\/prodotto\/un-giorno-a-perdifumo\/"]}]},{"@type":"ImageObject","inLanguage":"it-IT","@id":"https:\/\/www.growinggreener.it\/it\/prodotto\/un-giorno-a-perdifumo\/#primaryimage","url":"https:\/\/www.growinggreener.it\/wp-content\/uploads\/2025\/03\/eventi-2025-update.png","contentUrl":"https:\/\/www.growinggreener.it\/wp-content\/uploads\/2025\/03\/eventi-2025-update.png","width":1080,"height":1080},{"@type":"BreadcrumbList","@id":"https:\/\/www.growinggreener.it\/it\/prodotto\/un-giorno-a-perdifumo\/#breadcrumb","itemListElement":[{"@type":"ListItem","position":1,"name":"Home","item":"https:\/\/www.growinggreener.it\/it\/"},{"@type":"ListItem","position":2,"name":"Prodotti","item":"https:\/\/www.growinggreener.it\/it\/shop\/"},{"@type":"ListItem","position":3,"name":"Un giorno a Perdifumo"}]},{"@type":"WebSite","@id":"https:\/\/www.growinggreener.it\/it\/#website","url":"https:\/\/www.growinggreener.it\/it\/","name":"Growing Greener","description":"","publisher":{"@id":"https:\/\/www.growinggreener.it\/it\/#\/schema\/person\/a58bd20a1f45a8a79b48986466ed7f26"},"potentialAction":[{"@type":"SearchAction","target":{"@type":"EntryPoint","urlTemplate":"https:\/\/www.growinggreener.it\/it\/?s={search_term_string}"},"query-input":{"@type":"PropertyValueSpecification","valueRequired":true,"valueName":"search_term_string"}}],"inLanguage":"it-IT"},{"@type":["Person","Organization"],"@id":"https:\/\/www.growinggreener.it\/it\/#\/schema\/person\/a58bd20a1f45a8a79b48986466ed7f26","name":"Growing Greener","image":{"@type":"ImageObject","inLanguage":"it-IT","@id":"https:\/\/www.growinggreener.it\/wp-content\/uploads\/2021\/11\/GG_brand-identity-1.png","url":"https:\/\/www.growinggreener.it\/wp-content\/uploads\/2021\/11\/GG_brand-identity-1.png","contentUrl":"https:\/\/www.growinggreener.it\/wp-content\/uploads\/2021\/11\/GG_brand-identity-1.png","width":310,"height":140,"caption":"Growing Greener"},"logo":{"@id":"https:\/\/www.growinggreener.it\/wp-content\/uploads\/2021\/11\/GG_brand-identity-1.png"},"sameAs":["https:\/\/www.growinggreener.it"]}]}},"_links":{"self":[{"href":"https:\/\/www.growinggreener.it\/it\/wp-json\/wp\/v2\/product\/10331","targetHints":{"allow":["GET"]}}],"collection":[{"href":"https:\/\/www.growinggreener.it\/it\/wp-json\/wp\/v2\/product"}],"about":[{"href":"https:\/\/www.growinggreener.it\/it\/wp-json\/wp\/v2\/types\/product"}],"wp:featuredmedia":[{"embeddable":true,"href":"https:\/\/www.growinggreener.it\/it\/wp-json\/wp\/v2\/media\/11394"}],"wp:attachment":[{"href":"https:\/\/www.growinggreener.it\/it\/wp-json\/wp\/v2\/media?parent=10331"}],"wp:term":[{"taxonomy":"product_brand","embeddable":true,"href":"https:\/\/www.growinggreener.it\/it\/wp-json\/wp\/v2\/product_brand?post=10331"},{"taxonomy":"product_cat","embeddable":true,"href":"https:\/\/www.growinggreener.it\/it\/wp-json\/wp\/v2\/product_cat?post=10331"},{"taxonomy":"product_tag","embeddable":true,"href":"https:\/\/www.growinggreener.it\/it\/wp-json\/wp\/v2\/product_tag?post=10331"}],"curies":[{"name":"wp","href":"https:\/\/api.w.org\/{rel}","templated":true}]}}