{"id":9942,"date":"2025-03-31T11:47:41","date_gmt":"2025-03-31T09:47:41","guid":{"rendered":"https:\/\/www.growinggreener.it\/prodotto\/social-bite\/"},"modified":"2025-08-06T19:32:28","modified_gmt":"2025-08-06T17:32:28","slug":"social-bite","status":"publish","type":"product","link":"https:\/\/www.growinggreener.it\/it\/prodotto\/social-bite\/","title":{"rendered":"Social Bites"},"content":{"rendered":"<p><span style=\"font-weight: 400;\">Unisciti a noi per una serata sotto le stelle tra buon cibo, volti amici e musica.<br \/>\nUn\u2019occasione per connettersi in modo rilassato, grazie a cibo condiviso, giochi semplici ed energia creativa!<\/span><b><\/b><\/p>\n<p><strong>Com\u2019\u00e8 strutturato l\u2019evento:<\/strong><\/p>\n<p>Unisciti a noi dalle 20:00 in poi per una cena in stile apericena, preparata con prodotti freschi del nostro orto e ingredienti locali, servita su piatti artigianali realizzati da Musae, artista e designer di Agropoli che ha collaborato con noi per dare vita a questo evento.<\/p>\n<p>Durante la serata ci saranno diversi momenti di gioco e domande pensati per rompere il ghiaccio, conoscere nuove persone e creare connessioni.<br \/>Niente networking forzato o imbarazzi con chi parlare solo un modo per uscire dalla propria zona di comfort. <\/p>\n<p>Pi\u00f9 tardi, daremo il via a una jam session sotto le stelle \u2014 quindi musicist\u0259 e amant\u0259 della musica, sentitevi liber\u0259 di partecipare e portare con voi i vostri strumenti!<\/p>\n<p><strong>Come funziona il pagamento:<\/strong><\/p>\n<p><strong>Nuov\u0259 soc\u0259:<\/strong><br \/>\n&#8211; pagano 10\u20ac online per prenotare il proprio posto (corrispondenti alla tessera associativa)<br \/>\n&#8211; pagano 15\u20ac in contanti all\u2019arrivo all\u2019evento (il costo dell\u2019apericena\/evento)<br \/>\nLa tessera verr\u00e0 rilasciata il giorno dell\u2019evento ed \u00e8 valida per 1 anno.<\/p>\n<p><strong>Soc\u0259 gi\u00e0 iscritt\u0259:<\/strong><br \/>\n\u2013 pagano 10\u20ac online (come acconto per l\u2019evento)<br \/>\n\u2013 pagano 5\u20ac in contanti all\u2019arrivo la sera dell\u2019evento<\/p>\n<p><b>FAQ:<\/b><\/p>\n<p><b>Cosa si mangia a Social Bites?<\/b><b><br \/>\n<\/b><span style=\"font-weight: 400;\">Ah, questa \u00e8 la parte pi\u00f9 divertente! Il men\u00f9 \u00e8 una sorpresa. <\/span><\/p>\n<p><b>Quanto costa partecipare?<\/b><b><br \/>\n<\/b><span style=\"font-weight: 400;\">Il costo della serata \u00e8 di<\/span><b> 15\u20ac (+ tessera associativa)<\/b><span style=\"font-weight: 400;\"><br \/>\n<\/span><span style=\"font-weight: 400;\">Se non hai ancora la tessera associativa, dovrai aggiungere 10 euro per ottenerla. La tessera \u00e8 valida per un anno e ti permette di partecipare ad altri eventi della nostra associazione.<\/span><\/p>\n<p><b>Quando inizia l\u2019evento?<\/b><b><br \/>\n<\/b><span style=\"font-weight: 400;\">L\u2019evento inizia alle<\/span><b> 20:00<\/b><span style=\"font-weight: 400;\">.<\/span><\/p>\n<p><b>Posso portare qualcuno con me?<\/b><b><br \/>\n<\/b><span style=\"font-weight: 400;\">Certo! Tutti sono benvenuti, ma ricordati che la tessera associativa \u00e8 obbligatoria per chi non la possiede gi\u00e0. <\/span><\/p>\n<p><b>Cosa succede se il \u201cmood\u201d \u00e8 giusto durante la serata?<\/b><b><br \/>\n<\/b><span style=\"font-weight: 400;\">S\u00ec, pi\u00f9 tardi durante la serata ci sar\u00e0 una jam session, se sei musicist\u0259 o semplicemente ami la musica, sentiti liber\u0259 di portare uno strumento e unirti a noi!<\/span><\/p>\n<p><b>Devo prenotare o posso venire senza avviso?<\/b><b><br \/>\n<\/b><b>La prenotazione \u00e8 obbligatoria,<\/b><span style=\"font-weight: 400;\">visto che i posti sono limitati <\/span><\/p>\n<p><b>Posso venire in qualsiasi abbigliamento?<\/b><b><br \/>\n<\/b><span style=\"font-weight: 400;\">Vieni come ti senti! Puoi vestirti come vuoi, ma ricordati che a  <\/span><b> Social Bites <\/b><span style=\"font-weight: 400;\">si viene per stare insieme, quindi sentiti libero di esprimere te stesso!<\/span><\/p>\n","protected":false},"excerpt":{"rendered":"<p>Unisciti a noi, Social Bites per una serata di connessione, conversazione e creativit\u00e0. Incontra nuove persone, goditi un po&#8217; di musica e una cena con un men\u00f9 misterioso. <\/p>\n<p>Prenota il tuo posto versando un acconto di 10\u20ac online acquistando questo prodotto.<br \/>\nCosto: 15\u20ac + tessera associativa (10\u20ac)<\/p>\n<p>Scorri in basso per tutti i dettagli!<\/p>\n","protected":false},"featured_media":10986,"template":"","meta":{"_eb_attr":""},"product_brand":[],"product_cat":[90],"product_tag":[],"class_list":{"0":"post-9942","1":"product","2":"type-product","3":"status-publish","4":"has-post-thumbnail","6":"product_cat-eventi-2025","8":"first","9":"outofstock","10":"virtual","11":"taxable","12":"purchasable","13":"product-type-simple"},"yoast_head":"<!-- This site is optimized with the Yoast SEO plugin v27.4 - https:\/\/yoast.com\/product\/yoast-seo-wordpress\/ -->\n<title>Social Bites - Growing Greener<\/title>\n<meta name=\"description\" content=\"Social Bite \u00e8 una serata per incontrare nuove persone, condividere conversazioni e connettersi in un&#039;atmosfera rilassata. Unisciti a noi nel Cilento il 22 agosto.\" \/>\n<meta name=\"robots\" content=\"index, follow, max-snippet:-1, max-image-preview:large, max-video-preview:-1\" \/>\n<link rel=\"canonical\" href=\"https:\/\/www.growinggreener.it\/it\/prodotto\/social-bite\/\" \/>\n<meta property=\"og:locale\" content=\"it_IT\" \/>\n<meta property=\"og:type\" content=\"article\" \/>\n<meta property=\"og:title\" content=\"Social Bites - Growing Greener\" \/>\n<meta property=\"og:description\" content=\"Social Bite \u00e8 una serata per incontrare nuove persone, condividere conversazioni e connettersi in un&#039;atmosfera rilassata. Unisciti a noi nel Cilento il 22 agosto.\" \/>\n<meta property=\"og:url\" content=\"https:\/\/www.growinggreener.it\/it\/prodotto\/social-bite\/\" \/>\n<meta property=\"og:site_name\" content=\"Growing Greener\" \/>\n<meta property=\"article:modified_time\" content=\"2025-08-06T17:32:28+00:00\" \/>\n<meta property=\"og:image\" content=\"https:\/\/www.growinggreener.it\/wp-content\/uploads\/2025\/03\/Social-bite-1.png\" \/>\n\t<meta property=\"og:image:width\" content=\"1080\" \/>\n\t<meta property=\"og:image:height\" content=\"1080\" \/>\n\t<meta property=\"og:image:type\" content=\"image\/png\" \/>\n<meta name=\"twitter:card\" content=\"summary_large_image\" \/>\n<meta name=\"twitter:label1\" content=\"Tempo di lettura stimato\" \/>\n\t<meta name=\"twitter:data1\" content=\"3 minuti\" \/>\n<script type=\"application\/ld+json\" class=\"yoast-schema-graph\">{\"@context\":\"https:\\\/\\\/schema.org\",\"@graph\":[{\"@type\":\"WebPage\",\"@id\":\"https:\\\/\\\/www.growinggreener.it\\\/it\\\/prodotto\\\/social-bite\\\/\",\"url\":\"https:\\\/\\\/www.growinggreener.it\\\/it\\\/prodotto\\\/social-bite\\\/\",\"name\":\"Social Bites - Growing Greener\",\"isPartOf\":{\"@id\":\"https:\\\/\\\/www.growinggreener.it\\\/it\\\/#website\"},\"primaryImageOfPage\":{\"@id\":\"https:\\\/\\\/www.growinggreener.it\\\/it\\\/prodotto\\\/social-bite\\\/#primaryimage\"},\"image\":{\"@id\":\"https:\\\/\\\/www.growinggreener.it\\\/it\\\/prodotto\\\/social-bite\\\/#primaryimage\"},\"thumbnailUrl\":\"https:\\\/\\\/www.growinggreener.it\\\/wp-content\\\/uploads\\\/2025\\\/03\\\/Social-bite-1.png\",\"datePublished\":\"2025-03-31T09:47:41+00:00\",\"dateModified\":\"2025-08-06T17:32:28+00:00\",\"description\":\"Social Bite \u00e8 una serata per incontrare nuove persone, condividere conversazioni e connettersi in un'atmosfera rilassata. Unisciti a noi nel Cilento il 22 agosto.\",\"breadcrumb\":{\"@id\":\"https:\\\/\\\/www.growinggreener.it\\\/it\\\/prodotto\\\/social-bite\\\/#breadcrumb\"},\"inLanguage\":\"it-IT\",\"potentialAction\":[{\"@type\":\"ReadAction\",\"target\":[\"https:\\\/\\\/www.growinggreener.it\\\/it\\\/prodotto\\\/social-bite\\\/\"]}]},{\"@type\":\"ImageObject\",\"inLanguage\":\"it-IT\",\"@id\":\"https:\\\/\\\/www.growinggreener.it\\\/it\\\/prodotto\\\/social-bite\\\/#primaryimage\",\"url\":\"https:\\\/\\\/www.growinggreener.it\\\/wp-content\\\/uploads\\\/2025\\\/03\\\/Social-bite-1.png\",\"contentUrl\":\"https:\\\/\\\/www.growinggreener.it\\\/wp-content\\\/uploads\\\/2025\\\/03\\\/Social-bite-1.png\",\"width\":1080,\"height\":1080},{\"@type\":\"BreadcrumbList\",\"@id\":\"https:\\\/\\\/www.growinggreener.it\\\/it\\\/prodotto\\\/social-bite\\\/#breadcrumb\",\"itemListElement\":[{\"@type\":\"ListItem\",\"position\":1,\"name\":\"Home\",\"item\":\"https:\\\/\\\/www.growinggreener.it\\\/it\\\/\"},{\"@type\":\"ListItem\",\"position\":2,\"name\":\"Prodotti\",\"item\":\"https:\\\/\\\/www.growinggreener.it\\\/it\\\/shop\\\/\"},{\"@type\":\"ListItem\",\"position\":3,\"name\":\"Social Bites\"}]},{\"@type\":\"WebSite\",\"@id\":\"https:\\\/\\\/www.growinggreener.it\\\/it\\\/#website\",\"url\":\"https:\\\/\\\/www.growinggreener.it\\\/it\\\/\",\"name\":\"Growing Greener\",\"description\":\"\",\"publisher\":{\"@id\":\"https:\\\/\\\/www.growinggreener.it\\\/it\\\/#\\\/schema\\\/person\\\/a58bd20a1f45a8a79b48986466ed7f26\"},\"potentialAction\":[{\"@type\":\"SearchAction\",\"target\":{\"@type\":\"EntryPoint\",\"urlTemplate\":\"https:\\\/\\\/www.growinggreener.it\\\/it\\\/?s={search_term_string}\"},\"query-input\":{\"@type\":\"PropertyValueSpecification\",\"valueRequired\":true,\"valueName\":\"search_term_string\"}}],\"inLanguage\":\"it-IT\"},{\"@type\":[\"Person\",\"Organization\"],\"@id\":\"https:\\\/\\\/www.growinggreener.it\\\/it\\\/#\\\/schema\\\/person\\\/a58bd20a1f45a8a79b48986466ed7f26\",\"name\":\"Growing Greener\",\"image\":{\"@type\":\"ImageObject\",\"inLanguage\":\"it-IT\",\"@id\":\"https:\\\/\\\/www.growinggreener.it\\\/wp-content\\\/uploads\\\/2021\\\/11\\\/GG_brand-identity-1.png\",\"url\":\"https:\\\/\\\/www.growinggreener.it\\\/wp-content\\\/uploads\\\/2021\\\/11\\\/GG_brand-identity-1.png\",\"contentUrl\":\"https:\\\/\\\/www.growinggreener.it\\\/wp-content\\\/uploads\\\/2021\\\/11\\\/GG_brand-identity-1.png\",\"width\":310,\"height\":140,\"caption\":\"Growing Greener\"},\"logo\":{\"@id\":\"https:\\\/\\\/www.growinggreener.it\\\/wp-content\\\/uploads\\\/2021\\\/11\\\/GG_brand-identity-1.png\"},\"sameAs\":[\"https:\\\/\\\/www.growinggreener.it\"]}]}<\/script>\n<!-- \/ Yoast SEO plugin. -->","yoast_head_json":{"title":"Social Bites - Growing Greener","description":"Social Bite \u00e8 una serata per incontrare nuove persone, condividere conversazioni e connettersi in un'atmosfera rilassata. Unisciti a noi nel Cilento il 22 agosto.","robots":{"index":"index","follow":"follow","max-snippet":"max-snippet:-1","max-image-preview":"max-image-preview:large","max-video-preview":"max-video-preview:-1"},"canonical":"https:\/\/www.growinggreener.it\/it\/prodotto\/social-bite\/","og_locale":"it_IT","og_type":"article","og_title":"Social Bites - Growing Greener","og_description":"Social Bite \u00e8 una serata per incontrare nuove persone, condividere conversazioni e connettersi in un'atmosfera rilassata. Unisciti a noi nel Cilento il 22 agosto.","og_url":"https:\/\/www.growinggreener.it\/it\/prodotto\/social-bite\/","og_site_name":"Growing Greener","article_modified_time":"2025-08-06T17:32:28+00:00","og_image":[{"width":1080,"height":1080,"url":"https:\/\/www.growinggreener.it\/wp-content\/uploads\/2025\/03\/Social-bite-1.png","type":"image\/png"}],"twitter_card":"summary_large_image","twitter_misc":{"Tempo di lettura stimato":"3 minuti"},"schema":{"@context":"https:\/\/schema.org","@graph":[{"@type":"WebPage","@id":"https:\/\/www.growinggreener.it\/it\/prodotto\/social-bite\/","url":"https:\/\/www.growinggreener.it\/it\/prodotto\/social-bite\/","name":"Social Bites - Growing Greener","isPartOf":{"@id":"https:\/\/www.growinggreener.it\/it\/#website"},"primaryImageOfPage":{"@id":"https:\/\/www.growinggreener.it\/it\/prodotto\/social-bite\/#primaryimage"},"image":{"@id":"https:\/\/www.growinggreener.it\/it\/prodotto\/social-bite\/#primaryimage"},"thumbnailUrl":"https:\/\/www.growinggreener.it\/wp-content\/uploads\/2025\/03\/Social-bite-1.png","datePublished":"2025-03-31T09:47:41+00:00","dateModified":"2025-08-06T17:32:28+00:00","description":"Social Bite \u00e8 una serata per incontrare nuove persone, condividere conversazioni e connettersi in un'atmosfera rilassata. Unisciti a noi nel Cilento il 22 agosto.","breadcrumb":{"@id":"https:\/\/www.growinggreener.it\/it\/prodotto\/social-bite\/#breadcrumb"},"inLanguage":"it-IT","potentialAction":[{"@type":"ReadAction","target":["https:\/\/www.growinggreener.it\/it\/prodotto\/social-bite\/"]}]},{"@type":"ImageObject","inLanguage":"it-IT","@id":"https:\/\/www.growinggreener.it\/it\/prodotto\/social-bite\/#primaryimage","url":"https:\/\/www.growinggreener.it\/wp-content\/uploads\/2025\/03\/Social-bite-1.png","contentUrl":"https:\/\/www.growinggreener.it\/wp-content\/uploads\/2025\/03\/Social-bite-1.png","width":1080,"height":1080},{"@type":"BreadcrumbList","@id":"https:\/\/www.growinggreener.it\/it\/prodotto\/social-bite\/#breadcrumb","itemListElement":[{"@type":"ListItem","position":1,"name":"Home","item":"https:\/\/www.growinggreener.it\/it\/"},{"@type":"ListItem","position":2,"name":"Prodotti","item":"https:\/\/www.growinggreener.it\/it\/shop\/"},{"@type":"ListItem","position":3,"name":"Social Bites"}]},{"@type":"WebSite","@id":"https:\/\/www.growinggreener.it\/it\/#website","url":"https:\/\/www.growinggreener.it\/it\/","name":"Growing Greener","description":"","publisher":{"@id":"https:\/\/www.growinggreener.it\/it\/#\/schema\/person\/a58bd20a1f45a8a79b48986466ed7f26"},"potentialAction":[{"@type":"SearchAction","target":{"@type":"EntryPoint","urlTemplate":"https:\/\/www.growinggreener.it\/it\/?s={search_term_string}"},"query-input":{"@type":"PropertyValueSpecification","valueRequired":true,"valueName":"search_term_string"}}],"inLanguage":"it-IT"},{"@type":["Person","Organization"],"@id":"https:\/\/www.growinggreener.it\/it\/#\/schema\/person\/a58bd20a1f45a8a79b48986466ed7f26","name":"Growing Greener","image":{"@type":"ImageObject","inLanguage":"it-IT","@id":"https:\/\/www.growinggreener.it\/wp-content\/uploads\/2021\/11\/GG_brand-identity-1.png","url":"https:\/\/www.growinggreener.it\/wp-content\/uploads\/2021\/11\/GG_brand-identity-1.png","contentUrl":"https:\/\/www.growinggreener.it\/wp-content\/uploads\/2021\/11\/GG_brand-identity-1.png","width":310,"height":140,"caption":"Growing Greener"},"logo":{"@id":"https:\/\/www.growinggreener.it\/wp-content\/uploads\/2021\/11\/GG_brand-identity-1.png"},"sameAs":["https:\/\/www.growinggreener.it"]}]}},"_links":{"self":[{"href":"https:\/\/www.growinggreener.it\/it\/wp-json\/wp\/v2\/product\/9942","targetHints":{"allow":["GET"]}}],"collection":[{"href":"https:\/\/www.growinggreener.it\/it\/wp-json\/wp\/v2\/product"}],"about":[{"href":"https:\/\/www.growinggreener.it\/it\/wp-json\/wp\/v2\/types\/product"}],"wp:featuredmedia":[{"embeddable":true,"href":"https:\/\/www.growinggreener.it\/it\/wp-json\/wp\/v2\/media\/10986"}],"wp:attachment":[{"href":"https:\/\/www.growinggreener.it\/it\/wp-json\/wp\/v2\/media?parent=9942"}],"wp:term":[{"taxonomy":"product_brand","embeddable":true,"href":"https:\/\/www.growinggreener.it\/it\/wp-json\/wp\/v2\/product_brand?post=9942"},{"taxonomy":"product_cat","embeddable":true,"href":"https:\/\/www.growinggreener.it\/it\/wp-json\/wp\/v2\/product_cat?post=9942"},{"taxonomy":"product_tag","embeddable":true,"href":"https:\/\/www.growinggreener.it\/it\/wp-json\/wp\/v2\/product_tag?post=9942"}],"curies":[{"name":"wp","href":"https:\/\/api.w.org\/{rel}","templated":true}]}}